{"id":1943,"date":"2017-02-08T17:43:47","date_gmt":"2017-02-08T22:43:47","guid":{"rendered":"https:\/\/helitechnik.com\/accueil\/"},"modified":"2022-11-02T14:34:17","modified_gmt":"2022-11-02T18:34:17","slug":"home","status":"publish","type":"page","link":"https:\/\/helitechnik.com\/en\/","title":{"rendered":"Accueil"},"content":{"rendered":"\n<div class=\"wp-container-2 wp-block-columns has-background\" style=\"background-color:#d0d4d7;margin-top:0px;margin-bottom:0px;padding-top:0px;padding-right:0px;padding-bottom:0px;padding-left:0px\">\n<div class=\"wp-container-1 wp-block-column boxed-wide\" style=\"padding-top:60px;padding-right:0px;padding-bottom:0px;padding-left:0px\">\n<div id=\"block_ac885e401a15d4fe0ce99bdeb08e41c3\" class=\"titre-section center\">\n\n    <h2 class=\"h2 block-titre-section claire\">Achievement<\/h2>\n    \n    <div class=\"element-titre-section\">\n        <img src=\"\" alt=\"\">\n    <\/div>\n\n<\/div>\n\n\n    <div class=\"overlap\">\n    <div id=\"block_1d643b96afaa9aebe7481bfd43237e27\" class=\"realisations-intro\">\n        \n            <div class=\"realisations-intro-wrap\">\n                <div class=\"carrousel-realisations-intro\">\n                                            <div>\n                            \n\n<div id=\"realisation-suggeree-1171\" class=\"post-1171 realisation type-realisation status-publish has-post-thumbnail hentry\">\n    <div class=\"boxed-wide box-shadow\">\n        <div class=\"layout-flex layout-gapless justify-content-space-between\">\n            \n            <div class=\"realisation-suggeree-section-texte layout-40\">\n                        <div class=\"entry-meta\">\n            <span class=\"meta-date\">\n                <time class=\"entry-date\">8 July 2022<\/time><!-- .entry-date -->\n            <\/span><!-- .meta-date -->\n        <\/div><!-- .entry-meta -->       \n                        \n                <h3>Pr\u00e9paration transport outremer &#8211; EC120<\/h3>                <div class=\"excerpt\"><\/div>                <a class=\"btn btn-couleur\" href=\"https:\/\/helitechnik.com\/en\/realisation\/realisation-ii\/\">En savoir plus<\/a>\n            <\/div>\n\n            <div class=\"realisation-suggeree-section-nombre layout-flex justify-content-center layout-20\">\n                <div id=\"pastille-realisation\" class=\"pastille\">\n                    \n                <\/div>\n            <\/div>\n\n            <div class=\"realisation-suggeree-section-image layout-40\">\n                <img width=\"1200\" height=\"900\" src=\"https:\/\/helitechnik.com\/wp-content\/uploads\/transport-outremer-ec120-helitechnick.jpg\" class=\"attachment-post-thumbnail size-post-thumbnail wp-post-image\" alt=\"Colibri h\u00e9licopt\u00e8re - Heli technik\" loading=\"lazy\" srcset=\"https:\/\/helitechnik.com\/wp-content\/uploads\/transport-outremer-ec120-helitechnick.jpg 1200w, https:\/\/helitechnik.com\/wp-content\/uploads\/transport-outremer-ec120-helitechnick-300x225.jpg 300w, https:\/\/helitechnik.com\/wp-content\/uploads\/transport-outremer-ec120-helitechnick-1024x768.jpg 1024w, https:\/\/helitechnik.com\/wp-content\/uploads\/transport-outremer-ec120-helitechnick-768x576.jpg 768w\" sizes=\"(max-width: 1200px) 100vw, 1200px\" \/>            <\/div>\n        <\/div>\n    <\/div>\n<\/div><!-- #post-1171 -->\n                        <\/div>\n                                            <div>\n                            \n\n<div id=\"realisation-suggeree-1191\" class=\"post-1191 realisation type-realisation status-publish has-post-thumbnail hentry\">\n    <div class=\"boxed-wide box-shadow\">\n        <div class=\"layout-flex layout-gapless justify-content-space-between\">\n            \n            <div class=\"realisation-suggeree-section-texte layout-40\">\n                        <div class=\"entry-meta\">\n            <span class=\"meta-date\">\n                <time class=\"entry-date\">9 August 2022<\/time><!-- .entry-date -->\n            <\/span><!-- .meta-date -->\n        <\/div><!-- .entry-meta -->       \n                        \n                <h3>Reconstruction AS350 B2<\/h3>                <div class=\"excerpt\"><\/div>                <a class=\"btn btn-couleur\" href=\"https:\/\/helitechnik.com\/en\/realisation\/reconstruction-as350-b2\/\">En savoir plus<\/a>\n            <\/div>\n\n            <div class=\"realisation-suggeree-section-nombre layout-flex justify-content-center layout-20\">\n                <div id=\"pastille-realisation\" class=\"pastille\">\n                    \n                <\/div>\n            <\/div>\n\n            <div class=\"realisation-suggeree-section-image layout-40\">\n                <img width=\"1200\" height=\"900\" src=\"https:\/\/helitechnik.com\/wp-content\/uploads\/reconstruction-as350-b2-helitechnik.jpg\" class=\"attachment-post-thumbnail size-post-thumbnail wp-post-image\" alt=\"Reconstruction h\u00e9licopt\u00e8re - Heli technik\" loading=\"lazy\" srcset=\"https:\/\/helitechnik.com\/wp-content\/uploads\/reconstruction-as350-b2-helitechnik.jpg 1200w, https:\/\/helitechnik.com\/wp-content\/uploads\/reconstruction-as350-b2-helitechnik-300x225.jpg 300w, https:\/\/helitechnik.com\/wp-content\/uploads\/reconstruction-as350-b2-helitechnik-1024x768.jpg 1024w, https:\/\/helitechnik.com\/wp-content\/uploads\/reconstruction-as350-b2-helitechnik-768x576.jpg 768w\" sizes=\"(max-width: 1200px) 100vw, 1200px\" \/>            <\/div>\n        <\/div>\n    <\/div>\n<\/div><!-- #post-1191 -->\n                        <\/div>\n                                                        <\/div>\n            <\/div>\n        <\/div>\n    <\/div>\n\n<script type=\"text\/javascript\">\n    $(document).ready(function () {\n        var $carrousel_realisations = $('.carrousel-realisations-intro');\n\n        if ($carrousel_realisations.length) {\n            var currentSlide;\n            var slideCount;\n            var decomptePastille = document.getElementById('pastille-realisation');\n            const pastille = document.getElementsByClassName('pastille');\n            decomptePastille.classList.add('slider__counter');\n\n            var updateDecomptePastille = function(slick, currentIndex) {\n                currentSlide = slick.slickCurrentSlide() + 1;\n                slideCount = slick.slideCount;\n                $(pastille).html(currentSlide + '\/' + slideCount)\n            };\n\n            $carrousel_realisations.on('init', function(event, slick){\n                \/\/$carrousel_realisations.append(decomptePastille);\n                updateDecomptePastille(slick);\n            });\n\n            $carrousel_realisations.on('afterChange', function(event, slick, currentSlide){\n                updateDecomptePastille(slick, currentSlide);\n            });\n\n            $carrousel_realisations.slick({\n            initialSlide: 0,\n            slidesToShow: 1,\n            slidesToScroll: 1,\n            \/\/autoplay: true,\n            autoplaySpeed: 4000,\n            arrows: true,\n            fade: true,\n            speed: 1,\n            prevArrow: '<div class=\"slick-arrow slick-prev\"><img src=\"..\/wp-content\/themes\/helitechnik\/images\/fleche-prev.svg\" alt=\"\"><\/div>',\n            nextArrow: '<div class=\"slick-arrow slick-next\"><img src=\"..\/wp-content\/themes\/helitechnik\/images\/fleche-next.svg\" alt=\"\"><\/div>'\n\n\n        });\n        }\n    });\n<\/script><\/div>\n<\/div>\n\n\n\n<div class=\"wp-container-4 wp-block-columns dark-theme gradient-blue bg-inventaire\" style=\"margin-top:0px;margin-bottom:0px\">\n<div class=\"wp-container-3 wp-block-column boxed\" style=\"padding-top:100px;padding-right:10%;padding-bottom:100px;padding-left:10%\">\n<div id=\"block_cb924ca2154ea25b9cd19c72899699e3\" class=\"texte outline center\">\n\n    <h2 class=\"h2\">Inventaire<\/h2>\n        <div class=\"description\">\n            <p>Heli technik est un centre d\u2019entretien certifi\u00e9 par Transport Canada. Cela veut dire qu\u2019elle est autoris\u00e9e \u00e0 r\u00e9parer et remettre en service les pi\u00e8ces et composantes. Afin de compl\u00e9ter son inventaire de pi\u00e8ces, elle ach\u00e8te de temps \u00e0 autre des h\u00e9licopt\u00e8res pour le d\u00e9mant\u00e8lement. L\u2019entreprise se targue donc d\u2019\u00eatre un important fournisseur de pi\u00e8ces pour la r\u00e9gion et ailleurs au Qu\u00e9bec.<\/p>\n        <\/div>\n\n    <div class=\"bouton\">\n        <a class=\"btn btn-couleur\" href=\"https:\/\/helitechnik.com\/inventaire\/\" target=\"\" rel=\"noopener noreferrer\">En savoir plus<\/a>\n    <\/div>\n\n<\/div>\n<\/div>\n<\/div>\n\n\n\n<div class=\"wp-container-7 wp-block-columns bg-heli bg-triangle\" style=\"margin-top:0px;margin-bottom:0px\">\n<div class=\"wp-container-5 wp-block-column boxed-half-left\" style=\"padding-top:80px;padding-right:0px;padding-bottom:40px;padding-left:20px;flex-basis:65%\">\n<div id=\"block_d2e702d18a1c5c655365952984d4d32e\" class=\"texte left\">\n\n    <h2 class=\"h2\">Carri\u00e8res<\/h2>\n        <div class=\"description\">\n            <p><strong>Rejoignez une \u00e9quipe de qualit\u00e9 et d&#8217;exp\u00e9rience<\/strong><\/p>\n<p>L\u2019\u00e9quipe d\u2019Heli technik se d\u00e9voue \u00e0 la t\u00e2che et en fait une affaire personnelle afin de toujours maintenir les plus hauts standards de qualit\u00e9.<\/p>\n        <\/div>\n\n    <div class=\"bouton\">\n        <a class=\"btn btn-couleur\" href=\"https:\/\/helitechnik.com\/carrieres\/\" target=\"\" rel=\"noopener noreferrer\">Carri\u00e8res<\/a>\n    <\/div>\n\n<\/div>\n\n\n\n<div id=\"block_73777b1ee2f6dd6581819c6a9410abc0\" class=\"carrieres-manchette\">\n    <div class=\"layout-flex layout-gapless\">\n                            <div class=\"carriere-apercu-container layout-50\">\n    <a class=\"bouton-fleche\" href=\"https:\/\/helitechnik.com\/en\/carriere\/technicien-entretien-aeronef-m1\/\">\n        <div id=\"carriere-suggeree-1577\" class=\"carriere-apercu box-shadow\" class=\"post-1577 carriere type-carriere status-publish has-post-thumbnail hentry\">\n            <div class=\"carriere-apercu-wrap layout-flex layout-gapless justify-content-space-between align-items-center\">\n                <div class=\"carriere-apercu-info layout-85\">\n                    <div class=\"date\">        <div class=\"entry-meta\">\n            <span class=\"meta-date\">\n                <time class=\"entry-date\">8 January 2025<\/time><!-- .entry-date -->\n            <\/span><!-- .meta-date -->\n        <\/div><!-- .entry-meta -->       \n        <\/div>\n                    <div class=\"nom-poste\"><h4>Technicien en entretien d&#8217;a\u00e9ronef M1<\/h4><\/div>\n                <\/div>\n                <div class=\"carriere-apercu-btn layout-15\">\n                    <img src=\"https:\/\/helitechnik.com\/wp-content\/themes\/helitechnik\/images\/fleche.svg\" alt=\"Fl\u00e8che - HeliTechnik\">\n                <\/div>\n            <\/div>\n        <\/div><!-- #post-1577 -->\n    <\/a>\n<\/div>\n\n\n\n                    <div class=\"carriere-apercu-container layout-50\">\n    <a class=\"bouton-fleche\" href=\"https:\/\/helitechnik.com\/en\/carriere\/technicien-entretien-aeronef-m1-2\/\">\n        <div id=\"carriere-suggeree-2125\" class=\"carriere-apercu box-shadow\" class=\"post-2125 carriere type-carriere status-publish has-post-thumbnail hentry\">\n            <div class=\"carriere-apercu-wrap layout-flex layout-gapless justify-content-space-between align-items-center\">\n                <div class=\"carriere-apercu-info layout-85\">\n                    <div class=\"date\">        <div class=\"entry-meta\">\n            <span class=\"meta-date\">\n                <time class=\"entry-date\">8 January 2025<\/time><!-- .entry-date -->\n            <\/span><!-- .meta-date -->\n        <\/div><!-- .entry-meta -->       \n        <\/div>\n                    <div class=\"nom-poste\"><h4>M\u00e9canicien (formation en entreprise)<\/h4><\/div>\n                <\/div>\n                <div class=\"carriere-apercu-btn layout-15\">\n                    <img src=\"https:\/\/helitechnik.com\/wp-content\/themes\/helitechnik\/images\/fleche.svg\" alt=\"Fl\u00e8che - HeliTechnik\">\n                <\/div>\n            <\/div>\n        <\/div><!-- #post-2125 -->\n    <\/a>\n<\/div>\n\n\n\n                    <div class=\"carriere-apercu-container layout-50\">\n    <a class=\"bouton-fleche\" href=\"https:\/\/helitechnik.com\/en\/carriere\/apprenti-technicien-entretien-aeronef\/\">\n        <div id=\"carriere-suggeree-1762\" class=\"carriere-apercu box-shadow\" class=\"post-1762 carriere type-carriere status-publish has-post-thumbnail hentry\">\n            <div class=\"carriere-apercu-wrap layout-flex layout-gapless justify-content-space-between align-items-center\">\n                <div class=\"carriere-apercu-info layout-85\">\n                    <div class=\"date\">        <div class=\"entry-meta\">\n            <span class=\"meta-date\">\n                <time class=\"entry-date\">8 January 2025<\/time><!-- .entry-date -->\n            <\/span><!-- .meta-date -->\n        <\/div><!-- .entry-meta -->       \n        <\/div>\n                    <div class=\"nom-poste\"><h4>Apprenti technicien en entretien d&#8217;a\u00e9ronef<\/h4><\/div>\n                <\/div>\n                <div class=\"carriere-apercu-btn layout-15\">\n                    <img src=\"https:\/\/helitechnik.com\/wp-content\/themes\/helitechnik\/images\/fleche.svg\" alt=\"Fl\u00e8che - HeliTechnik\">\n                <\/div>\n            <\/div>\n        <\/div><!-- #post-1762 -->\n    <\/a>\n<\/div>\n\n\n\n                            <\/div>\n<\/div><\/div>\n\n\n\n<div class=\"wp-container-6 wp-block-column is-vertically-aligned-center\" style=\"flex-basis:35%\">\n<figure class=\"wp-block-image aligncenter size-large\"><img loading=\"lazy\" width=\"703\" height=\"1024\" src=\"https:\/\/helitechnik.com\/wp-content\/uploads\/employe-piece-helitechnik-3-703x1024.jpg\" alt=\"\" class=\"wp-image-1647\" srcset=\"https:\/\/helitechnik.com\/wp-content\/uploads\/employe-piece-helitechnik-3-703x1024.jpg 703w, https:\/\/helitechnik.com\/wp-content\/uploads\/employe-piece-helitechnik-3-206x300.jpg 206w, https:\/\/helitechnik.com\/wp-content\/uploads\/employe-piece-helitechnik-3-768x1119.jpg 768w, https:\/\/helitechnik.com\/wp-content\/uploads\/employe-piece-helitechnik-3-1055x1536.jpg 1055w, https:\/\/helitechnik.com\/wp-content\/uploads\/employe-piece-helitechnik-3.jpg 1400w\" sizes=\"(max-width: 703px) 100vw, 703px\" \/><\/figure>\n<\/div>\n<\/div>\n","protected":false},"excerpt":{"rendered":"","protected":false},"author":1,"featured_media":0,"parent":0,"menu_order":1,"comment_status":"closed","ping_status":"closed","template":"","meta":[],"acf":[],"_links":{"self":[{"href":"https:\/\/helitechnik.com\/en\/wp-json\/wp\/v2\/pages\/1943"}],"collection":[{"href":"https:\/\/helitechnik.com\/en\/wp-json\/wp\/v2\/pages"}],"about":[{"href":"https:\/\/helitechnik.com\/en\/wp-json\/wp\/v2\/types\/page"}],"author":[{"embeddable":true,"href":"https:\/\/helitechnik.com\/en\/wp-json\/wp\/v2\/users\/1"}],"replies":[{"embeddable":true,"href":"https:\/\/helitechnik.com\/en\/wp-json\/wp\/v2\/comments?post=1943"}],"version-history":[{"count":3,"href":"https:\/\/helitechnik.com\/en\/wp-json\/wp\/v2\/pages\/1943\/revisions"}],"predecessor-version":[{"id":1948,"href":"https:\/\/helitechnik.com\/en\/wp-json\/wp\/v2\/pages\/1943\/revisions\/1948"}],"wp:attachment":[{"href":"https:\/\/helitechnik.com\/en\/wp-json\/wp\/v2\/media?parent=1943"}],"curies":[{"name":"wp","href":"https:\/\/api.w.org\/{rel}","templated":true}]}}